{"id":44,"date":"2025-11-22T14:07:14","date_gmt":"2025-11-22T14:07:14","guid":{"rendered":"https:\/\/gamehub.dominioteste.eu\/?page_id=44"},"modified":"2025-12-19T17:00:16","modified_gmt":"2025-12-19T17:00:16","slug":"realidade-virtual","status":"publish","type":"page","link":"https:\/\/gamehub.dominioteste.eu\/index.php\/realidade-virtual\/","title":{"rendered":"Realidade Virtual"},"content":{"rendered":"\t\t<div data-elementor-type=\"wp-page\" data-elementor-id=\"44\" class=\"elementor elementor-44\">\n\t\t\t\t<div class=\"elementor-element elementor-element-4045f22 e-flex e-con-boxed e-con e-parent\" data-id=\"4045f22\" data-element_type=\"container\" data-settings=\"{&quot;background_background&quot;:&quot;gradient&quot;}\">\n\t\t\t\t\t<div class=\"e-con-inner\">\n\t\t\t\t<div class=\"elementor-element elementor-element-8a07c12 elementor-widget elementor-widget-heading\" data-id=\"8a07c12\" data-element_type=\"widget\" data-widget_type=\"heading.default\">\n\t\t\t\t\t<h2 class=\"elementor-heading-title elementor-size-default\">Realidade Virtual<\/h2>\t\t\t\t<\/div>\n\t\t\t\t\t<\/div>\n\t\t\t\t<\/div>\n\t\t<div class=\"elementor-element elementor-element-6dab30c e-flex e-con-boxed e-con e-parent\" data-id=\"6dab30c\" data-element_type=\"container\">\n\t\t\t\t\t<div class=\"e-con-inner\">\n\t\t<div class=\"elementor-element elementor-element-5403040 e-con-full e-flex e-con e-child\" data-id=\"5403040\" data-element_type=\"container\">\n\t\t\t\t<div class=\"elementor-element elementor-element-64d48b0 elementor-widget elementor-widget-text-editor\" data-id=\"64d48b0\" data-element_type=\"widget\" data-widget_type=\"text-editor.default\">\n\t\t\t\t\t\t\t\t\t<h3 data-start=\"154\" data-end=\"187\"><strong data-start=\"158\" data-end=\"187\">Sala de Realidade Virtual<\/strong><\/h3><p data-start=\"189\" data-end=\"469\">Entre num novo mundo atrav\u00e9s da nossa Sala de Realidade Virtual, onde a tecnologia e a divers\u00e3o se encontram. Este espa\u00e7o foi cuidadosamente preparado para proporcionar experi\u00eancias imersivas e emocionantes, adequadas tanto para iniciantes como para utilizadores mais experientes.<\/p><p data-start=\"471\" data-end=\"693\">Com equipamentos modernos e jogos interativos, os utilizadores podem explorar ambientes virtuais, participar em desafios, aventuras e simula\u00e7\u00f5es \u00fanicas. \u00c9 a escolha perfeita para quem procura algo inovador e fora do comum.<\/p><p data-start=\"695\" data-end=\"797\"><strong data-start=\"695\" data-end=\"710\">Capacidade:<\/strong> at\u00e9 6 pessoas<br data-start=\"724\" data-end=\"727\" \/><strong data-start=\"727\" data-end=\"742\">Ideal para:<\/strong> grupos de amigos, anivers\u00e1rios e experi\u00eancias \u00fanicas<\/p>\t\t\t\t\t\t\t\t<\/div>\n\t\t\t\t<\/div>\n\t\t<div class=\"elementor-element elementor-element-57b6e4d e-con-full e-flex e-con e-child\" data-id=\"57b6e4d\" data-element_type=\"container\">\n\t\t\t\t<div class=\"elementor-element elementor-element-98b304e elementor-widget elementor-widget-image\" data-id=\"98b304e\" data-element_type=\"widget\" data-widget_type=\"image.default\">\n\t\t\t\t\t\t\t\t\t\t\t\t\t\t\t<img fetchpriority=\"high\" decoding=\"async\" width=\"800\" height=\"534\" src=\"https:\/\/gamehub.dominioteste.eu\/wp-content\/uploads\/2025\/12\/ChatGPT-Image-19_12_2025-16_38_52-1024x683.png\" class=\"attachment-large size-large wp-image-733\" alt=\"\" srcset=\"https:\/\/gamehub.dominioteste.eu\/wp-content\/uploads\/2025\/12\/ChatGPT-Image-19_12_2025-16_38_52-1024x683.png 1024w, https:\/\/gamehub.dominioteste.eu\/wp-content\/uploads\/2025\/12\/ChatGPT-Image-19_12_2025-16_38_52-300x200.png 300w, https:\/\/gamehub.dominioteste.eu\/wp-content\/uploads\/2025\/12\/ChatGPT-Image-19_12_2025-16_38_52-768x512.png 768w, https:\/\/gamehub.dominioteste.eu\/wp-content\/uploads\/2025\/12\/ChatGPT-Image-19_12_2025-16_38_52.png 1536w\" sizes=\"(max-width: 800px) 100vw, 800px\" \/>\t\t\t\t\t\t\t\t\t\t\t\t\t\t\t<\/div>\n\t\t\t\t<\/div>\n\t\t\t\t\t<\/div>\n\t\t\t\t<\/div>\n\t\t<div class=\"elementor-element elementor-element-6d17165 e-flex e-con-boxed e-con e-parent\" data-id=\"6d17165\" data-element_type=\"container\">\n\t\t\t\t\t<div class=\"e-con-inner\">\n\t\t\t\t<div class=\"elementor-element elementor-element-770a013 elementor-align-right elementor-widget elementor-widget-button\" data-id=\"770a013\" data-element_type=\"widget\" data-widget_type=\"button.default\">\n\t\t\t\t\t\t\t\t\t\t<a class=\"elementor-button elementor-button-link elementor-size-sm\" href=\"\/index.php\/home\/\">\n\t\t\t\t\t\t<span class=\"elementor-button-content-wrapper\">\n\t\t\t\t\t\t\t\t\t<span class=\"elementor-button-text\">Voltar<\/span>\n\t\t\t\t\t<\/span>\n\t\t\t\t\t<\/a>\n\t\t\t\t\t\t\t\t<\/div>\n\t\t\t\t\t<\/div>\n\t\t\t\t<\/div>\n\t\t<div class=\"elementor-element elementor-element-46ed304 e-flex e-con-boxed e-con e-parent\" data-id=\"46ed304\" data-element_type=\"container\" data-settings=\"{&quot;background_background&quot;:&quot;gradient&quot;}\">\n\t\t\t\t\t<div class=\"e-con-inner\">\n\t\t\t\t<div class=\"elementor-element elementor-element-ef04805 elementor-widget elementor-widget-heading\" data-id=\"ef04805\" data-element_type=\"widget\" data-widget_type=\"heading.default\">\n\t\t\t\t\t<h2 class=\"elementor-heading-title elementor-size-default\">...Exper\u00eancie...<\/h2>\t\t\t\t<\/div>\n\t\t\t\t\t<\/div>\n\t\t\t\t<\/div>\n\t\t\t\t<\/div>\n\t\t\n    <div class=\"xs_social_share_widget xs_share_url after_content \t\tmain_content  wslu-style-1 wslu-share-box-shaped wslu-fill-colored wslu-none wslu-share-horizontal wslu-theme-font-no wslu-main_content\">\n\n\t\t\n        <ul>\n\t\t\t        <\/ul>\n    <\/div> \n","protected":false},"excerpt":{"rendered":"<p>Realidade Virtual Sala de Realidade Virtual Entre num novo mundo atrav\u00e9s da nossa Sala de Realidade Virtual, onde a tecnologia e a divers\u00e3o se encontram. Este espa\u00e7o foi cuidadosamente preparado para proporcionar experi\u00eancias imersivas e emocionantes, adequadas tanto para iniciantes como para utilizadores mais experientes. Com equipamentos modernos e jogos interativos, os utilizadores podem explorar [&hellip;]<\/p>\n","protected":false},"author":1,"featured_media":0,"parent":0,"menu_order":0,"comment_status":"closed","ping_status":"closed","template":"","meta":{"postBodyCss":"","postBodyMargin":[],"postBodyPadding":[],"postBodyBackground":{"backgroundType":"classic","gradient":""},"footnotes":""},"class_list":["post-44","page","type-page","status-publish","hentry"],"_links":{"self":[{"href":"https:\/\/gamehub.dominioteste.eu\/index.php\/wp-json\/wp\/v2\/pages\/44","targetHints":{"allow":["GET"]}}],"collection":[{"href":"https:\/\/gamehub.dominioteste.eu\/index.php\/wp-json\/wp\/v2\/pages"}],"about":[{"href":"https:\/\/gamehub.dominioteste.eu\/index.php\/wp-json\/wp\/v2\/types\/page"}],"author":[{"embeddable":true,"href":"https:\/\/gamehub.dominioteste.eu\/index.php\/wp-json\/wp\/v2\/users\/1"}],"replies":[{"embeddable":true,"href":"https:\/\/gamehub.dominioteste.eu\/index.php\/wp-json\/wp\/v2\/comments?post=44"}],"version-history":[{"count":7,"href":"https:\/\/gamehub.dominioteste.eu\/index.php\/wp-json\/wp\/v2\/pages\/44\/revisions"}],"predecessor-version":[{"id":760,"href":"https:\/\/gamehub.dominioteste.eu\/index.php\/wp-json\/wp\/v2\/pages\/44\/revisions\/760"}],"wp:attachment":[{"href":"https:\/\/gamehub.dominioteste.eu\/index.php\/wp-json\/wp\/v2\/media?parent=44"}],"curies":[{"name":"wp","href":"https:\/\/api.w.org\/{rel}","templated":true}]}}