{"id":30,"date":"2025-11-22T13:54:33","date_gmt":"2025-11-22T13:54:33","guid":{"rendered":"https:\/\/gamehub.dominioteste.eu\/?page_id=30"},"modified":"2025-12-19T16:44:30","modified_gmt":"2025-12-19T16:44:30","slug":"salas","status":"publish","type":"page","link":"https:\/\/gamehub.dominioteste.eu\/index.php\/salas\/","title":{"rendered":"Salas"},"content":{"rendered":"\t\t<div data-elementor-type=\"wp-page\" data-elementor-id=\"30\" class=\"elementor elementor-30\">\n\t\t\t\t<div class=\"elementor-element elementor-element-1ca9586 e-flex e-con-boxed e-con e-parent\" data-id=\"1ca9586\" data-element_type=\"container\" data-settings=\"{&quot;background_background&quot;:&quot;gradient&quot;}\">\n\t\t\t\t\t<div class=\"e-con-inner\">\n\t\t\t\t<div class=\"elementor-element elementor-element-6786aa7 elementor-widget elementor-widget-heading\" data-id=\"6786aa7\" data-element_type=\"widget\" data-widget_type=\"heading.default\">\n\t\t\t\t\t<h2 class=\"elementor-heading-title elementor-size-default\">VEJA AS NOSSAS SALAS<\/h2>\t\t\t\t<\/div>\n\t\t\t\t\t<\/div>\n\t\t\t\t<\/div>\n\t\t<div class=\"elementor-element elementor-element-96985fe e-flex e-con-boxed e-con e-parent\" data-id=\"96985fe\" data-element_type=\"container\" data-settings=\"{&quot;background_background&quot;:&quot;gradient&quot;}\">\n\t\t\t\t\t<div class=\"e-con-inner\">\n\t\t\t\t<div class=\"elementor-element elementor-element-3874b03 elementor-arrows-position-inside elementor-pagination-position-outside elementor-widget elementor-widget-image-carousel\" data-id=\"3874b03\" data-element_type=\"widget\" data-settings=\"{&quot;slides_to_show&quot;:&quot;1&quot;,&quot;navigation&quot;:&quot;both&quot;,&quot;autoplay&quot;:&quot;yes&quot;,&quot;pause_on_hover&quot;:&quot;yes&quot;,&quot;pause_on_interaction&quot;:&quot;yes&quot;,&quot;autoplay_speed&quot;:5000,&quot;infinite&quot;:&quot;yes&quot;,&quot;effect&quot;:&quot;slide&quot;,&quot;speed&quot;:500}\" data-widget_type=\"image-carousel.default\">\n\t\t\t\t\t\t\t<div class=\"elementor-image-carousel-wrapper swiper\" role=\"region\" aria-roledescription=\"carousel\" aria-label=\"Image Carousel\" dir=\"ltr\">\n\t\t\t<div class=\"elementor-image-carousel swiper-wrapper\" aria-live=\"off\">\n\t\t\t\t\t\t\t\t<div class=\"swiper-slide\" role=\"group\" aria-roledescription=\"slide\" aria-label=\"1 of 3\"><figure class=\"swiper-slide-inner\"><img decoding=\"async\" class=\"swiper-slide-image\" src=\"https:\/\/gamehub.dominioteste.eu\/wp-content\/uploads\/elementor\/thumbs\/ChatGPT-Image-23_11_2025-15_57_49-rf4x1n0kklshenq07vz8mhvzkjo5eqx0mcrwjghork.png\" alt=\"ChatGPT Image 23_11_2025, 15_57_49\" \/><\/figure><\/div><div class=\"swiper-slide\" role=\"group\" aria-roledescription=\"slide\" aria-label=\"2 of 3\"><figure class=\"swiper-slide-inner\"><img decoding=\"async\" class=\"swiper-slide-image\" src=\"https:\/\/gamehub.dominioteste.eu\/wp-content\/uploads\/elementor\/thumbs\/sala1-rfd71t4tl1uhtygg8p5mgs3n2jvx680alv6dqrq5y8.png\" alt=\"sala1\" \/><\/figure><\/div><div class=\"swiper-slide\" role=\"group\" aria-roledescription=\"slide\" aria-label=\"3 of 3\"><figure class=\"swiper-slide-inner\"><img decoding=\"async\" class=\"swiper-slide-image\" src=\"https:\/\/gamehub.dominioteste.eu\/wp-content\/uploads\/elementor\/thumbs\/torneios-rf9tmzm1yuiv2bberdyk3qpdcz3om85lobct2sdva8.jpeg\" alt=\"torneios\" \/><\/figure><\/div>\t\t\t<\/div>\n\t\t\t\t\t\t\t\t\t\t\t\t<div class=\"elementor-swiper-button elementor-swiper-button-prev\" role=\"button\" tabindex=\"0\">\n\t\t\t\t\t\t<svg aria-hidden=\"true\" class=\"e-font-icon-svg e-eicon-chevron-left\" viewBox=\"0 0 1000 1000\" xmlns=\"http:\/\/www.w3.org\/2000\/svg\"><path d=\"M646 125C629 125 613 133 604 142L308 442C296 454 292 471 292 487 292 504 296 521 308 533L604 854C617 867 629 875 646 875 663 875 679 871 692 858 704 846 713 829 713 812 713 796 708 779 692 767L438 487 692 225C700 217 708 204 708 187 708 171 704 154 692 142 675 129 663 125 646 125Z\"><\/path><\/svg>\t\t\t\t\t<\/div>\n\t\t\t\t\t<div class=\"elementor-swiper-button elementor-swiper-button-next\" role=\"button\" tabindex=\"0\">\n\t\t\t\t\t\t<svg aria-hidden=\"true\" class=\"e-font-icon-svg e-eicon-chevron-right\" viewBox=\"0 0 1000 1000\" xmlns=\"http:\/\/www.w3.org\/2000\/svg\"><path d=\"M696 533C708 521 713 504 713 487 713 471 708 454 696 446L400 146C388 133 375 125 354 125 338 125 325 129 313 142 300 154 292 171 292 187 292 204 296 221 308 233L563 492 304 771C292 783 288 800 288 817 288 833 296 850 308 863 321 871 338 875 354 875 371 875 388 867 400 854L696 533Z\"><\/path><\/svg>\t\t\t\t\t<\/div>\n\t\t\t\t\n\t\t\t\t\t\t\t\t\t<div class=\"swiper-pagination\"><\/div>\n\t\t\t\t\t\t\t\t\t<\/div>\n\t\t\t\t\t\t<\/div>\n\t\t\t\t\t<\/div>\n\t\t\t\t<\/div>\n\t\t<div class=\"elementor-element elementor-element-45a65e9 e-flex e-con-boxed e-con e-parent\" data-id=\"45a65e9\" data-element_type=\"container\">\n\t\t\t\t\t<div class=\"e-con-inner\">\n\t\t<div class=\"elementor-element elementor-element-b8bd13f e-con-full e-flex e-con e-child\" data-id=\"b8bd13f\" data-element_type=\"container\" data-settings=\"{&quot;background_background&quot;:&quot;gradient&quot;}\">\n\t\t\t\t<div class=\"elementor-element elementor-element-cfea738 elementor-widget elementor-widget-text-editor\" data-id=\"cfea738\" data-element_type=\"widget\" data-widget_type=\"text-editor.default\">\n\t\t\t\t\t\t\t\t\t<p>Sala equipada com os melhores jogos de arcade cl\u00e1ssicos e modernos. Ideal para divers\u00e3o em grupo ou sozinho.<\/p>\t\t\t\t\t\t\t\t<\/div>\n\t\t\t\t<\/div>\n\t\t<div class=\"elementor-element elementor-element-bf62bc8 e-con-full e-flex e-con e-child\" data-id=\"bf62bc8\" data-element_type=\"container\">\n\t\t\t\t<div class=\"elementor-element elementor-element-e985db3 elementor-widget elementor-widget-image\" data-id=\"e985db3\" data-element_type=\"widget\" data-widget_type=\"image.default\">\n\t\t\t\t\t\t\t\t\t\t\t\t\t\t\t<img fetchpriority=\"high\" decoding=\"async\" width=\"300\" height=\"200\" src=\"https:\/\/gamehub.dominioteste.eu\/wp-content\/uploads\/2025\/12\/ChatGPT-Image-19_12_2025-16_35_55-300x200.png\" class=\"attachment-medium size-medium wp-image-726\" alt=\"\" srcset=\"https:\/\/gamehub.dominioteste.eu\/wp-content\/uploads\/2025\/12\/ChatGPT-Image-19_12_2025-16_35_55-300x200.png 300w, https:\/\/gamehub.dominioteste.eu\/wp-content\/uploads\/2025\/12\/ChatGPT-Image-19_12_2025-16_35_55-1024x683.png 1024w, https:\/\/gamehub.dominioteste.eu\/wp-content\/uploads\/2025\/12\/ChatGPT-Image-19_12_2025-16_35_55-768x512.png 768w, https:\/\/gamehub.dominioteste.eu\/wp-content\/uploads\/2025\/12\/ChatGPT-Image-19_12_2025-16_35_55.png 1536w\" sizes=\"(max-width: 300px) 100vw, 300px\" \/>\t\t\t\t\t\t\t\t\t\t\t\t\t\t\t<\/div>\n\t\t\t\t<\/div>\n\t\t\t\t\t<\/div>\n\t\t\t\t<\/div>\n\t\t<div class=\"elementor-element elementor-element-cec29cf e-flex e-con-boxed e-con e-parent\" data-id=\"cec29cf\" data-element_type=\"container\">\n\t\t\t\t\t<div class=\"e-con-inner\">\n\t\t<div class=\"elementor-element elementor-element-8403e58 e-con-full e-flex e-con e-child\" data-id=\"8403e58\" data-element_type=\"container\" data-settings=\"{&quot;background_background&quot;:&quot;gradient&quot;}\">\n\t\t\t\t<div class=\"elementor-element elementor-element-5522300 elementor-widget elementor-widget-text-editor\" data-id=\"5522300\" data-element_type=\"widget\" data-widget_type=\"text-editor.default\">\n\t\t\t\t\t\t\t\t\t<p>Experi\u00eancias imersivas de realidade virtual. Jogos, aventuras e desafios em VR para todas as idades.<\/p>\t\t\t\t\t\t\t\t<\/div>\n\t\t\t\t<\/div>\n\t\t<div class=\"elementor-element elementor-element-6051b65 e-con-full e-flex e-con e-child\" data-id=\"6051b65\" data-element_type=\"container\">\n\t\t\t\t<div class=\"elementor-element elementor-element-adbeeae elementor-widget elementor-widget-image\" data-id=\"adbeeae\" data-element_type=\"widget\" data-widget_type=\"image.default\">\n\t\t\t\t\t\t\t\t\t\t\t\t\t\t\t<img decoding=\"async\" width=\"300\" height=\"200\" src=\"https:\/\/gamehub.dominioteste.eu\/wp-content\/uploads\/2025\/12\/ChatGPT-Image-19_12_2025-16_38_52-300x200.png\" class=\"attachment-medium size-medium wp-image-733\" alt=\"\" srcset=\"https:\/\/gamehub.dominioteste.eu\/wp-content\/uploads\/2025\/12\/ChatGPT-Image-19_12_2025-16_38_52-300x200.png 300w, https:\/\/gamehub.dominioteste.eu\/wp-content\/uploads\/2025\/12\/ChatGPT-Image-19_12_2025-16_38_52-1024x683.png 1024w, https:\/\/gamehub.dominioteste.eu\/wp-content\/uploads\/2025\/12\/ChatGPT-Image-19_12_2025-16_38_52-768x512.png 768w, https:\/\/gamehub.dominioteste.eu\/wp-content\/uploads\/2025\/12\/ChatGPT-Image-19_12_2025-16_38_52.png 1536w\" sizes=\"(max-width: 300px) 100vw, 300px\" \/>\t\t\t\t\t\t\t\t\t\t\t\t\t\t\t<\/div>\n\t\t\t\t<\/div>\n\t\t\t\t\t<\/div>\n\t\t\t\t<\/div>\n\t\t<div class=\"elementor-element elementor-element-d3129d8 e-flex e-con-boxed e-con e-parent\" data-id=\"d3129d8\" data-element_type=\"container\">\n\t\t\t\t\t<div class=\"e-con-inner\">\n\t\t\t\t<div class=\"elementor-element elementor-element-cae7471 elementor-align-right elementor-widget elementor-widget-button\" data-id=\"cae7471\" data-element_type=\"widget\" data-widget_type=\"button.default\">\n\t\t\t\t\t\t\t\t\t\t<a class=\"elementor-button elementor-button-link elementor-size-sm\" href=\"\/index.php\/home\/\">\n\t\t\t\t\t\t<span class=\"elementor-button-content-wrapper\">\n\t\t\t\t\t\t\t\t\t<span class=\"elementor-button-text\">Voltar<\/span>\n\t\t\t\t\t<\/span>\n\t\t\t\t\t<\/a>\n\t\t\t\t\t\t\t\t<\/div>\n\t\t\t\t\t<\/div>\n\t\t\t\t<\/div>\n\t\t\t\t<\/div>\n\t\t\n    <div class=\"xs_social_share_widget xs_share_url after_content \t\tmain_content  wslu-style-1 wslu-share-box-shaped wslu-fill-colored wslu-none wslu-share-horizontal wslu-theme-font-no wslu-main_content\">\n\n\t\t\n        <ul>\n\t\t\t        <\/ul>\n    <\/div> \n","protected":false},"excerpt":{"rendered":"<p>VEJA AS NOSSAS SALAS Sala equipada com os melhores jogos de arcade cl\u00e1ssicos e modernos. Ideal para divers\u00e3o em grupo ou sozinho. Experi\u00eancias imersivas de realidade virtual. Jogos, aventuras e desafios em VR para todas as idades. Voltar<\/p>\n","protected":false},"author":1,"featured_media":0,"parent":0,"menu_order":0,"comment_status":"closed","ping_status":"closed","template":"","meta":{"postBodyCss":"","postBodyMargin":[],"postBodyPadding":[],"postBodyBackground":{"backgroundType":"classic","gradient":""},"footnotes":""},"class_list":["post-30","page","type-page","status-publish","hentry"],"_links":{"self":[{"href":"https:\/\/gamehub.dominioteste.eu\/index.php\/wp-json\/wp\/v2\/pages\/30","targetHints":{"allow":["GET"]}}],"collection":[{"href":"https:\/\/gamehub.dominioteste.eu\/index.php\/wp-json\/wp\/v2\/pages"}],"about":[{"href":"https:\/\/gamehub.dominioteste.eu\/index.php\/wp-json\/wp\/v2\/types\/page"}],"author":[{"embeddable":true,"href":"https:\/\/gamehub.dominioteste.eu\/index.php\/wp-json\/wp\/v2\/users\/1"}],"replies":[{"embeddable":true,"href":"https:\/\/gamehub.dominioteste.eu\/index.php\/wp-json\/wp\/v2\/comments?post=30"}],"version-history":[{"count":18,"href":"https:\/\/gamehub.dominioteste.eu\/index.php\/wp-json\/wp\/v2\/pages\/30\/revisions"}],"predecessor-version":[{"id":740,"href":"https:\/\/gamehub.dominioteste.eu\/index.php\/wp-json\/wp\/v2\/pages\/30\/revisions\/740"}],"wp:attachment":[{"href":"https:\/\/gamehub.dominioteste.eu\/index.php\/wp-json\/wp\/v2\/media?parent=30"}],"curies":[{"name":"wp","href":"https:\/\/api.w.org\/{rel}","templated":true}]}}