{"id":137,"date":"2025-11-23T18:50:43","date_gmt":"2025-11-23T18:50:43","guid":{"rendered":"https:\/\/gamehub.dominioteste.eu\/?page_id=137"},"modified":"2025-11-26T20:19:58","modified_gmt":"2025-11-26T20:19:58","slug":"noticias-da-empresa","status":"publish","type":"page","link":"https:\/\/gamehub.dominioteste.eu\/index.php\/noticias-da-empresa\/","title":{"rendered":"Noticias da empresa"},"content":{"rendered":"\t\t<div data-elementor-type=\"wp-page\" data-elementor-id=\"137\" class=\"elementor elementor-137\">\n\t\t\t\t<div class=\"elementor-element elementor-element-2080ebf e-flex e-con-boxed e-con e-parent\" data-id=\"2080ebf\" data-element_type=\"container\" data-settings=\"{&quot;background_background&quot;:&quot;gradient&quot;}\">\n\t\t\t\t\t<div class=\"e-con-inner\">\n\t\t\t\t<div class=\"elementor-element elementor-element-2a9f37f elementor-widget elementor-widget-heading\" data-id=\"2a9f37f\" data-element_type=\"widget\" data-widget_type=\"heading.default\">\n\t\t\t\t\t<h2 class=\"elementor-heading-title elementor-size-default\">Noticias da Empresa<\/h2>\t\t\t\t<\/div>\n\t\t\t\t<div class=\"elementor-element elementor-element-e4f366c elementor-widget elementor-widget-text-editor\" data-id=\"e4f366c\" data-element_type=\"widget\" data-widget_type=\"text-editor.default\">\n\t\t\t\t\t\t\t\t\t<p>As \u00faltimas novidades, atualiza\u00e7\u00f5es e eventos do GameHub.<\/p>\t\t\t\t\t\t\t\t<\/div>\n\t\t\t\t\t<\/div>\n\t\t\t\t<\/div>\n\t\t<div class=\"elementor-element elementor-element-77f3a4c e-flex e-con-boxed e-con e-parent\" data-id=\"77f3a4c\" data-element_type=\"container\">\n\t\t\t\t\t<div class=\"e-con-inner\">\n\t\t\t\t<div class=\"elementor-element elementor-element-6adc65e elementor-widget elementor-widget-heading\" data-id=\"6adc65e\" data-element_type=\"widget\" data-widget_type=\"heading.default\">\n\t\t\t\t\t<h2 class=\"elementor-heading-title elementor-size-default\">1. Atualiza\u00e7\u00f5es e comunicados<\/h2>\t\t\t\t<\/div>\n\t\t\t\t\t<\/div>\n\t\t\t\t<\/div>\n\t\t<div class=\"elementor-element elementor-element-36751a3 e-flex e-con-boxed e-con e-parent\" data-id=\"36751a3\" data-element_type=\"container\">\n\t\t\t\t\t<div class=\"e-con-inner\">\n\t\t\t\t<div class=\"elementor-element elementor-element-b3cf70c elementor-widget elementor-widget-text-editor\" data-id=\"b3cf70c\" data-element_type=\"widget\" data-widget_type=\"text-editor.default\">\n\t\t\t\t\t\t\t\t\t<p>Nesta p\u00e1gina encontrar\u00e1s todas as informa\u00e7\u00f5es relevantes sobre a evolu\u00e7\u00e3o do GameHub: melhorias, novos servi\u00e7os, eventos especiais e comunicados da equipa.<\/p>\t\t\t\t\t\t\t\t<\/div>\n\t\t\t\t\t<\/div>\n\t\t\t\t<\/div>\n\t\t<div class=\"elementor-element elementor-element-5bbdc36 e-flex e-con-boxed e-con e-parent\" data-id=\"5bbdc36\" data-element_type=\"container\">\n\t\t\t\t\t<div class=\"e-con-inner\">\n\t\t\t\t<div class=\"elementor-element elementor-element-469dd83 elementor-widget elementor-widget-heading\" data-id=\"469dd83\" data-element_type=\"widget\" data-widget_type=\"heading.default\">\n\t\t\t\t\t<h2 class=\"elementor-heading-title elementor-size-default\">2. Novidades recentes<\/h2>\t\t\t\t<\/div>\n\t\t\t\t\t<\/div>\n\t\t\t\t<\/div>\n\t\t<div class=\"elementor-element elementor-element-22b6ebc e-flex e-con-boxed e-con e-parent\" data-id=\"22b6ebc\" data-element_type=\"container\">\n\t\t\t\t\t<div class=\"e-con-inner\">\n\t\t\t\t<div class=\"elementor-element elementor-element-87f09cc elementor-widget elementor-widget-text-editor\" data-id=\"87f09cc\" data-element_type=\"widget\" data-widget_type=\"text-editor.default\">\n\t\t\t\t\t\t\t\t\t<ul><li data-start=\"3628\" data-end=\"3674\"><p data-start=\"3630\" data-end=\"3674\">Lan\u00e7amento dos nossos novos espa\u00e7os gaming<\/p><\/li><li data-start=\"3675\" data-end=\"3730\"><p data-start=\"3677\" data-end=\"3730\">Chegada de novos equipamentos e tecnologia de ponta<\/p><\/li><li data-start=\"3731\" data-end=\"3778\"><p data-start=\"3733\" data-end=\"3778\">Atualiza\u00e7\u00f5es aos nossos servi\u00e7os e hor\u00e1rios<\/p><\/li><li data-start=\"3779\" data-end=\"3830\"><p data-start=\"3781\" data-end=\"3830\">Melhorias na experi\u00eancia de torneios e reservas<\/p><\/li><\/ul>\t\t\t\t\t\t\t\t<\/div>\n\t\t\t\t\t<\/div>\n\t\t\t\t<\/div>\n\t\t<div class=\"elementor-element elementor-element-314af2b e-flex e-con-boxed e-con e-parent\" data-id=\"314af2b\" data-element_type=\"container\">\n\t\t\t\t\t<div class=\"e-con-inner\">\n\t\t\t\t<div class=\"elementor-element elementor-element-a689709 elementor-widget elementor-widget-heading\" data-id=\"a689709\" data-element_type=\"widget\" data-widget_type=\"heading.default\">\n\t\t\t\t\t<h2 class=\"elementor-heading-title elementor-size-default\">3. Eventos e torneios<\/h2>\t\t\t\t<\/div>\n\t\t\t\t\t<\/div>\n\t\t\t\t<\/div>\n\t\t<div class=\"elementor-element elementor-element-3780628 e-flex e-con-boxed e-con e-parent\" data-id=\"3780628\" data-element_type=\"container\">\n\t\t\t\t\t<div class=\"e-con-inner\">\n\t\t\t\t<div class=\"elementor-element elementor-element-cb4fd2c elementor-widget elementor-widget-text-editor\" data-id=\"cb4fd2c\" data-element_type=\"widget\" data-widget_type=\"text-editor.default\">\n\t\t\t\t\t\t\t\t\t<p data-start=\"3867\" data-end=\"3951\">O GameHub est\u00e1 sempre ativo com competi\u00e7\u00f5es emocionantes.<br data-start=\"3924\" data-end=\"3927\" \/>Aqui poder\u00e1s acompanhar:<\/p><ul data-start=\"3953\" data-end=\"4074\"><li data-start=\"3953\" data-end=\"3974\"><p data-start=\"3955\" data-end=\"3974\">Torneios semanais<\/p><\/li><li data-start=\"3975\" data-end=\"4006\"><p data-start=\"3977\" data-end=\"4006\">Eventos especiais de gaming<\/p><\/li><li data-start=\"4007\" data-end=\"4048\"><p data-start=\"4009\" data-end=\"4048\">Parcerias com marcas e patrocinadores<\/p><\/li><li data-start=\"4049\" data-end=\"4074\"><p data-start=\"4051\" data-end=\"4074\">Rankings e vencedores<\/p><\/li><\/ul>\t\t\t\t\t\t\t\t<\/div>\n\t\t\t\t\t<\/div>\n\t\t\t\t<\/div>\n\t\t<div class=\"elementor-element elementor-element-fc03b50 e-flex e-con-boxed e-con e-parent\" data-id=\"fc03b50\" data-element_type=\"container\">\n\t\t\t\t\t<div class=\"e-con-inner\">\n\t\t\t\t<div class=\"elementor-element elementor-element-8f32b59 elementor-widget elementor-widget-heading\" data-id=\"8f32b59\" data-element_type=\"widget\" data-widget_type=\"heading.default\">\n\t\t\t\t\t<h2 class=\"elementor-heading-title elementor-size-default\">4. O que estamos a preparar<\/h2>\t\t\t\t<\/div>\n\t\t\t\t\t<\/div>\n\t\t\t\t<\/div>\n\t\t<div class=\"elementor-element elementor-element-0cfa472 e-flex e-con-boxed e-con e-parent\" data-id=\"0cfa472\" data-element_type=\"container\">\n\t\t\t\t\t<div class=\"e-con-inner\">\n\t\t\t\t<div class=\"elementor-element elementor-element-987d251 elementor-widget elementor-widget-text-editor\" data-id=\"987d251\" data-element_type=\"widget\" data-widget_type=\"text-editor.default\">\n\t\t\t\t\t\t\t\t\t<p data-start=\"4117\" data-end=\"4194\">Estamos constantemente a evoluir para oferecer a melhor experi\u00eancia poss\u00edvel:<\/p><ul data-start=\"4196\" data-end=\"4346\"><li data-start=\"4196\" data-end=\"4225\"><p data-start=\"4198\" data-end=\"4225\">Novos jogos e simuladores<\/p><\/li><li data-start=\"4226\" data-end=\"4257\"><p data-start=\"4228\" data-end=\"4257\">Expans\u00e3o de \u00e1reas tem\u00e1ticas<\/p><\/li><li data-start=\"4258\" data-end=\"4295\"><p data-start=\"4260\" data-end=\"4295\">Introdu\u00e7\u00e3o de servi\u00e7os exclusivos<\/p><\/li><li data-start=\"4296\" data-end=\"4346\"><p data-start=\"4298\" data-end=\"4346\">Melhorias cont\u00ednuas no conforto e na performance<\/p><\/li><\/ul>\t\t\t\t\t\t\t\t<\/div>\n\t\t\t\t\t<\/div>\n\t\t\t\t<\/div>\n\t\t<div class=\"elementor-element elementor-element-8b2cc9a e-flex e-con-boxed e-con e-parent\" data-id=\"8b2cc9a\" data-element_type=\"container\">\n\t\t\t\t\t<div class=\"e-con-inner\">\n\t\t\t\t<div class=\"elementor-element elementor-element-6588c67 elementor-widget elementor-widget-heading\" data-id=\"6588c67\" data-element_type=\"widget\" data-widget_type=\"heading.default\">\n\t\t\t\t\t<h2 class=\"elementor-heading-title elementor-size-default\">5. Mensagem da equipa<\/h2>\t\t\t\t<\/div>\n\t\t\t\t\t<\/div>\n\t\t\t\t<\/div>\n\t\t<div class=\"elementor-element elementor-element-2e944f4 e-flex e-con-boxed e-con e-parent\" data-id=\"2e944f4\" data-element_type=\"container\">\n\t\t\t\t\t<div class=\"e-con-inner\">\n\t\t\t\t<div class=\"elementor-element elementor-element-143eac6 elementor-widget elementor-widget-text-editor\" data-id=\"143eac6\" data-element_type=\"widget\" data-widget_type=\"text-editor.default\">\n\t\t\t\t\t\t\t\t\t<p>Somos apaixonados por gaming e dedicados a proporcionar experi\u00eancias \u00fanicas.<br data-start=\"4459\" data-end=\"4462\" \/>A nossa equipa trabalha diariamente para te trazer o melhor ambiente, tecnologia e divers\u00e3o.<br data-start=\"4554\" data-end=\"4557\" \/>Aqui partilhamos tudo o que acontece \u201cnos bastidores\u201d do GameHub.<\/p>\t\t\t\t\t\t\t\t<\/div>\n\t\t\t\t\t<\/div>\n\t\t\t\t<\/div>\n\t\t<div class=\"elementor-element elementor-element-b748ad2 e-flex e-con-boxed e-con e-parent\" data-id=\"b748ad2\" data-element_type=\"container\">\n\t\t\t\t\t<div class=\"e-con-inner\">\n\t\t\t\t<div class=\"elementor-element elementor-element-34f0939 elementor-align-right elementor-widget elementor-widget-button\" data-id=\"34f0939\" data-element_type=\"widget\" data-widget_type=\"button.default\">\n\t\t\t\t\t\t\t\t\t\t<a class=\"elementor-button elementor-button-link elementor-size-sm\" href=\"\/index.php\/home\/\">\n\t\t\t\t\t\t<span class=\"elementor-button-content-wrapper\">\n\t\t\t\t\t\t\t\t\t<span class=\"elementor-button-text\">Voltar<\/span>\n\t\t\t\t\t<\/span>\n\t\t\t\t\t<\/a>\n\t\t\t\t\t\t\t\t<\/div>\n\t\t\t\t\t<\/div>\n\t\t\t\t<\/div>\n\t\t<div class=\"elementor-element elementor-element-4441673 e-flex e-con-boxed e-con e-parent\" data-id=\"4441673\" data-element_type=\"container\" data-settings=\"{&quot;background_background&quot;:&quot;gradient&quot;}\">\n\t\t\t\t\t<div class=\"e-con-inner\">\n\t\t\t\t<div class=\"elementor-element elementor-element-361012f elementor-widget elementor-widget-heading\" data-id=\"361012f\" data-element_type=\"widget\" data-widget_type=\"heading.default\">\n\t\t\t\t\t<h2 class=\"elementor-heading-title elementor-size-default\">Volta a visitar esta p\u00e1gina regularmente<\/h2>\t\t\t\t<\/div>\n\t\t\t\t<div class=\"elementor-element elementor-element-6330ef6 elementor-widget elementor-widget-heading\" data-id=\"6330ef6\" data-element_type=\"widget\" data-widget_type=\"heading.default\">\n\t\t\t\t\t<h2 class=\"elementor-heading-title elementor-size-default\">para n\u00e3o perderes nenhuma novidade!<\/h2>\t\t\t\t<\/div>\n\t\t\t\t\t<\/div>\n\t\t\t\t<\/div>\n\t\t\t\t<\/div>\n\t\t\n    <div class=\"xs_social_share_widget xs_share_url after_content \t\tmain_content  wslu-style-1 wslu-share-box-shaped wslu-fill-colored wslu-none wslu-share-horizontal wslu-theme-font-no wslu-main_content\">\n\n\t\t\n        <ul>\n\t\t\t        <\/ul>\n    <\/div> \n","protected":false},"excerpt":{"rendered":"<p>Noticias da Empresa As \u00faltimas novidades, atualiza\u00e7\u00f5es e eventos do GameHub. 1. Atualiza\u00e7\u00f5es e comunicados Nesta p\u00e1gina encontrar\u00e1s todas as informa\u00e7\u00f5es relevantes sobre a evolu\u00e7\u00e3o do GameHub: melhorias, novos servi\u00e7os, eventos especiais e comunicados da equipa. 2. Novidades recentes Lan\u00e7amento dos nossos novos espa\u00e7os gaming Chegada de novos equipamentos e tecnologia de ponta Atualiza\u00e7\u00f5es aos [&hellip;]<\/p>\n","protected":false},"author":1,"featured_media":0,"parent":0,"menu_order":0,"comment_status":"closed","ping_status":"closed","template":"","meta":{"postBodyCss":"","postBodyMargin":[],"postBodyPadding":[],"postBodyBackground":{"backgroundType":"classic","gradient":""},"footnotes":""},"class_list":["post-137","page","type-page","status-publish","hentry"],"_links":{"self":[{"href":"https:\/\/gamehub.dominioteste.eu\/index.php\/wp-json\/wp\/v2\/pages\/137","targetHints":{"allow":["GET"]}}],"collection":[{"href":"https:\/\/gamehub.dominioteste.eu\/index.php\/wp-json\/wp\/v2\/pages"}],"about":[{"href":"https:\/\/gamehub.dominioteste.eu\/index.php\/wp-json\/wp\/v2\/types\/page"}],"author":[{"embeddable":true,"href":"https:\/\/gamehub.dominioteste.eu\/index.php\/wp-json\/wp\/v2\/users\/1"}],"replies":[{"embeddable":true,"href":"https:\/\/gamehub.dominioteste.eu\/index.php\/wp-json\/wp\/v2\/comments?post=137"}],"version-history":[{"count":7,"href":"https:\/\/gamehub.dominioteste.eu\/index.php\/wp-json\/wp\/v2\/pages\/137\/revisions"}],"predecessor-version":[{"id":237,"href":"https:\/\/gamehub.dominioteste.eu\/index.php\/wp-json\/wp\/v2\/pages\/137\/revisions\/237"}],"wp:attachment":[{"href":"https:\/\/gamehub.dominioteste.eu\/index.php\/wp-json\/wp\/v2\/media?parent=137"}],"curies":[{"name":"wp","href":"https:\/\/api.w.org\/{rel}","templated":true}]}}