{"id":135,"date":"2025-11-23T18:50:16","date_gmt":"2025-11-23T18:50:16","guid":{"rendered":"https:\/\/gamehub.dominioteste.eu\/?page_id=135"},"modified":"2025-11-26T19:27:47","modified_gmt":"2025-11-26T19:27:47","slug":"sustentabilidade","status":"publish","type":"page","link":"https:\/\/gamehub.dominioteste.eu\/index.php\/sustentabilidade\/","title":{"rendered":"Sustentabilidade"},"content":{"rendered":"\t\t<div data-elementor-type=\"wp-page\" data-elementor-id=\"135\" class=\"elementor elementor-135\">\n\t\t\t\t<div class=\"elementor-element elementor-element-0ea4780 e-flex e-con-boxed e-con e-parent\" data-id=\"0ea4780\" data-element_type=\"container\" data-settings=\"{&quot;background_background&quot;:&quot;gradient&quot;}\">\n\t\t\t\t\t<div class=\"e-con-inner\">\n\t\t\t\t<div class=\"elementor-element elementor-element-27321fa elementor-widget elementor-widget-heading\" data-id=\"27321fa\" data-element_type=\"widget\" data-widget_type=\"heading.default\">\n\t\t\t\t\t<h2 class=\"elementor-heading-title elementor-size-default\">Sustentabilidade no GameHub<\/h2>\t\t\t\t<\/div>\n\t\t\t\t<div class=\"elementor-element elementor-element-6c8ab5f elementor-widget elementor-widget-text-editor\" data-id=\"6c8ab5f\" data-element_type=\"widget\" data-widget_type=\"text-editor.default\">\n\t\t\t\t\t\t\t\t\t<p>Comprometidos com um futuro mais verde e respons\u00e1vel.<\/p>\t\t\t\t\t\t\t\t<\/div>\n\t\t\t\t\t<\/div>\n\t\t\t\t<\/div>\n\t\t<div class=\"elementor-element elementor-element-6bfd60c e-flex e-con-boxed e-con e-parent\" data-id=\"6bfd60c\" data-element_type=\"container\">\n\t\t\t\t\t<div class=\"e-con-inner\">\n\t\t\t\t<div class=\"elementor-element elementor-element-1479b43 elementor-widget elementor-widget-heading\" data-id=\"1479b43\" data-element_type=\"widget\" data-widget_type=\"heading.default\">\n\t\t\t\t\t<h2 class=\"elementor-heading-title elementor-size-default\">1. O nosso compromisso ambiental<\/h2>\t\t\t\t<\/div>\n\t\t\t\t\t<\/div>\n\t\t\t\t<\/div>\n\t\t<div class=\"elementor-element elementor-element-c8f525e e-flex e-con-boxed e-con e-parent\" data-id=\"c8f525e\" data-element_type=\"container\">\n\t\t\t\t\t<div class=\"e-con-inner\">\n\t\t\t\t<div class=\"elementor-element elementor-element-9e42fcd elementor-widget elementor-widget-text-editor\" data-id=\"9e42fcd\" data-element_type=\"widget\" data-widget_type=\"text-editor.default\">\n\t\t\t\t\t\t\t\t\t<p>No GameHub acreditamos que a inova\u00e7\u00e3o tecnol\u00f3gica e a sustentabilidade devem caminhar lado a lado.<br data-start=\"999\" data-end=\"1002\" \/>Assumimos a responsabilidade de reduzir o nosso impacto ambiental, adotando pr\u00e1ticas ecol\u00f3gicas e promovendo um consumo mais consciente, tanto dentro como fora do nosso espa\u00e7o gaming.<\/p>\t\t\t\t\t\t\t\t<\/div>\n\t\t\t\t\t<\/div>\n\t\t\t\t<\/div>\n\t\t<div class=\"elementor-element elementor-element-5d6de31 e-flex e-con-boxed e-con e-parent\" data-id=\"5d6de31\" data-element_type=\"container\">\n\t\t\t\t\t<div class=\"e-con-inner\">\n\t\t\t\t<div class=\"elementor-element elementor-element-592572d elementor-widget elementor-widget-heading\" data-id=\"592572d\" data-element_type=\"widget\" data-widget_type=\"heading.default\">\n\t\t\t\t\t<h2 class=\"elementor-heading-title elementor-size-default\">2. Pr\u00e1ticas sustent\u00e1veis implementadas<\/h2>\t\t\t\t<\/div>\n\t\t\t\t\t<\/div>\n\t\t\t\t<\/div>\n\t\t<div class=\"elementor-element elementor-element-b38e917 e-flex e-con-boxed e-con e-parent\" data-id=\"b38e917\" data-element_type=\"container\">\n\t\t\t\t\t<div class=\"e-con-inner\">\n\t\t\t\t<div class=\"elementor-element elementor-element-b05bfff elementor-widget elementor-widget-text-editor\" data-id=\"b05bfff\" data-element_type=\"widget\" data-widget_type=\"text-editor.default\">\n\t\t\t\t\t\t\t\t\t<p data-start=\"1239\" data-end=\"1334\">No nosso espa\u00e7o aplicamos diariamente medidas que contribuem para um ambiente mais respons\u00e1vel:<\/p><ul data-start=\"1336\" data-end=\"1563\"><li data-start=\"1336\" data-end=\"1385\"><p data-start=\"1338\" data-end=\"1385\">Utiliza\u00e7\u00e3o de ilumina\u00e7\u00e3o LED de baixo consumo<\/p><\/li><li data-start=\"1386\" data-end=\"1429\"><p data-start=\"1388\" data-end=\"1429\">Equipamentos energeticamente eficientes<\/p><\/li><li data-start=\"1430\" data-end=\"1474\"><p data-start=\"1432\" data-end=\"1474\">Otimiza\u00e7\u00e3o dos hor\u00e1rios de funcionamento<\/p><\/li><li data-start=\"1475\" data-end=\"1510\"><p data-start=\"1477\" data-end=\"1510\">Redu\u00e7\u00e3o de pl\u00e1stico descart\u00e1vel<\/p><\/li><li data-start=\"1511\" data-end=\"1563\"><p data-start=\"1513\" data-end=\"1563\">Sistemas de ventila\u00e7\u00e3o e climatiza\u00e7\u00e3o eficientes<\/p><\/li><\/ul>\t\t\t\t\t\t\t\t<\/div>\n\t\t\t\t\t<\/div>\n\t\t\t\t<\/div>\n\t\t<div class=\"elementor-element elementor-element-021140d e-flex e-con-boxed e-con e-parent\" data-id=\"021140d\" data-element_type=\"container\">\n\t\t\t\t\t<div class=\"e-con-inner\">\n\t\t\t\t<div class=\"elementor-element elementor-element-67515bd elementor-widget elementor-widget-heading\" data-id=\"67515bd\" data-element_type=\"widget\" data-widget_type=\"heading.default\">\n\t\t\t\t\t<h2 class=\"elementor-heading-title elementor-size-default\">3. Efici\u00eancia energ\u00e9tica<\/h2>\t\t\t\t<\/div>\n\t\t\t\t\t<\/div>\n\t\t\t\t<\/div>\n\t\t<div class=\"elementor-element elementor-element-51980ca e-flex e-con-boxed e-con e-parent\" data-id=\"51980ca\" data-element_type=\"container\">\n\t\t\t\t\t<div class=\"e-con-inner\">\n\t\t\t\t<div class=\"elementor-element elementor-element-2a43471 elementor-widget elementor-widget-text-editor\" data-id=\"2a43471\" data-element_type=\"widget\" data-widget_type=\"text-editor.default\">\n\t\t\t\t\t\t\t\t\t<p>Todos os nossos sistemas inform\u00e1ticos e de entretenimento foram selecionados com foco no equil\u00edbrio entre performance e consumo energ\u00e9tico.<br data-start=\"1742\" data-end=\"1745\" \/>Monitorizamos o uso de energia e ajustamos processos para reduzir gastos desnecess\u00e1rios sem comprometer a experi\u00eancia dos nossos jogadores.<\/p>\t\t\t\t\t\t\t\t<\/div>\n\t\t\t\t\t<\/div>\n\t\t\t\t<\/div>\n\t\t<div class=\"elementor-element elementor-element-9f6c2cc e-flex e-con-boxed e-con e-parent\" data-id=\"9f6c2cc\" data-element_type=\"container\">\n\t\t\t\t\t<div class=\"e-con-inner\">\n\t\t\t\t<div class=\"elementor-element elementor-element-9a7421a elementor-widget elementor-widget-heading\" data-id=\"9a7421a\" data-element_type=\"widget\" data-widget_type=\"heading.default\">\n\t\t\t\t\t<h2 class=\"elementor-heading-title elementor-size-default\">4. Gest\u00e3o de res\u00edduos e reciclagem<\/h2>\t\t\t\t<\/div>\n\t\t\t\t\t<\/div>\n\t\t\t\t<\/div>\n\t\t<div class=\"elementor-element elementor-element-e6254a7 e-flex e-con-boxed e-con e-parent\" data-id=\"e6254a7\" data-element_type=\"container\">\n\t\t\t\t\t<div class=\"e-con-inner\">\n\t\t\t\t<div class=\"elementor-element elementor-element-39349d7 elementor-widget elementor-widget-text-editor\" data-id=\"39349d7\" data-element_type=\"widget\" data-widget_type=\"text-editor.default\">\n\t\t\t\t\t\t\t\t\t<p>Promovemos a separa\u00e7\u00e3o de res\u00edduos atrav\u00e9s de ecopontos internos e incentivamos todos os clientes a utilizar corretamente os recipientes dispon\u00edveis.<br data-start=\"2083\" data-end=\"2086\" \/>Damos prioridade \u00e0 reutiliza\u00e7\u00e3o de materiais e encaminhamos equipamentos eletr\u00f3nicos antigos para processos de reciclagem certificados.<\/p>\t\t\t\t\t\t\t\t<\/div>\n\t\t\t\t\t<\/div>\n\t\t\t\t<\/div>\n\t\t<div class=\"elementor-element elementor-element-9c3ec2b e-flex e-con-boxed e-con e-parent\" data-id=\"9c3ec2b\" data-element_type=\"container\">\n\t\t\t\t\t<div class=\"e-con-inner\">\n\t\t\t\t<div class=\"elementor-element elementor-element-d39c673 elementor-widget elementor-widget-heading\" data-id=\"d39c673\" data-element_type=\"widget\" data-widget_type=\"heading.default\">\n\t\t\t\t\t<h2 class=\"elementor-heading-title elementor-size-default\">5. Parcerias e fornecedores respons\u00e1veis<\/h2>\t\t\t\t<\/div>\n\t\t\t\t\t<\/div>\n\t\t\t\t<\/div>\n\t\t<div class=\"elementor-element elementor-element-4e30a23 e-flex e-con-boxed e-con e-parent\" data-id=\"4e30a23\" data-element_type=\"container\">\n\t\t\t\t\t<div class=\"e-con-inner\">\n\t\t\t\t<div class=\"elementor-element elementor-element-53c4a8c elementor-widget elementor-widget-text-editor\" data-id=\"53c4a8c\" data-element_type=\"widget\" data-widget_type=\"text-editor.default\">\n\t\t\t\t\t\t\t\t\t<p>Colaboramos com marcas e fornecedores que partilham o nosso compromisso com a sustentabilidade, assegurando que todos os produtos e equipamentos seguem pr\u00e1ticas ambientais adequadas.<\/p>\t\t\t\t\t\t\t\t<\/div>\n\t\t\t\t\t<\/div>\n\t\t\t\t<\/div>\n\t\t<div class=\"elementor-element elementor-element-220eefd e-flex e-con-boxed e-con e-parent\" data-id=\"220eefd\" data-element_type=\"container\">\n\t\t\t\t\t<div class=\"e-con-inner\">\n\t\t\t\t<div class=\"elementor-element elementor-element-45b63c2 elementor-widget elementor-widget-heading\" data-id=\"45b63c2\" data-element_type=\"widget\" data-widget_type=\"heading.default\">\n\t\t\t\t\t<h2 class=\"elementor-heading-title elementor-size-default\">6. Objetivos futuros<\/h2>\t\t\t\t<\/div>\n\t\t\t\t\t<\/div>\n\t\t\t\t<\/div>\n\t\t<div class=\"elementor-element elementor-element-3a8f2e9 e-flex e-con-boxed e-con e-parent\" data-id=\"3a8f2e9\" data-element_type=\"container\">\n\t\t\t\t\t<div class=\"e-con-inner\">\n\t\t\t\t<div class=\"elementor-element elementor-element-f458bff elementor-widget elementor-widget-text-editor\" data-id=\"f458bff\" data-element_type=\"widget\" data-widget_type=\"text-editor.default\">\n\t\t\t\t\t\t\t\t\t<p data-start=\"2495\" data-end=\"2561\">Estamos continuamente a trabalhar em novas iniciativas, incluindo:<\/p><ul data-start=\"2563\" data-end=\"2774\"><li data-start=\"2563\" data-end=\"2607\"><p data-start=\"2565\" data-end=\"2607\">Expans\u00e3o do sistema de energia eficiente<\/p><\/li><li data-start=\"2608\" data-end=\"2652\"><p data-start=\"2610\" data-end=\"2652\">Maior utiliza\u00e7\u00e3o de materiais reciclados<\/p><\/li><li data-start=\"2653\" data-end=\"2717\"><p data-start=\"2655\" data-end=\"2717\">Implementa\u00e7\u00e3o de workshops educativos sobre sustentabilidade<\/p><\/li><li data-start=\"2718\" data-end=\"2774\"><p data-start=\"2720\" data-end=\"2774\">Programas de incentivo para clientes eco-conscientes<\/p><\/li><\/ul>\t\t\t\t\t\t\t\t<\/div>\n\t\t\t\t\t<\/div>\n\t\t\t\t<\/div>\n\t\t<div class=\"elementor-element elementor-element-691d1ab e-flex e-con-boxed e-con e-parent\" data-id=\"691d1ab\" data-element_type=\"container\">\n\t\t\t\t\t<div class=\"e-con-inner\">\n\t\t\t\t<div class=\"elementor-element elementor-element-3b762e1 elementor-align-right elementor-widget elementor-widget-button\" data-id=\"3b762e1\" data-element_type=\"widget\" data-widget_type=\"button.default\">\n\t\t\t\t\t\t\t\t\t\t<a class=\"elementor-button elementor-button-link elementor-size-sm\" href=\"\/index.php\/home\/\">\n\t\t\t\t\t\t<span class=\"elementor-button-content-wrapper\">\n\t\t\t\t\t\t\t\t\t<span class=\"elementor-button-text\">Voltar<\/span>\n\t\t\t\t\t<\/span>\n\t\t\t\t\t<\/a>\n\t\t\t\t\t\t\t\t<\/div>\n\t\t\t\t\t<\/div>\n\t\t\t\t<\/div>\n\t\t<div class=\"elementor-element elementor-element-77ed994 e-flex e-con-boxed e-con e-parent\" data-id=\"77ed994\" data-element_type=\"container\" data-settings=\"{&quot;background_background&quot;:&quot;gradient&quot;}\">\n\t\t\t\t\t<div class=\"e-con-inner\">\n\t\t\t\t<div class=\"elementor-element elementor-element-17f7d86 elementor-widget elementor-widget-heading\" data-id=\"17f7d86\" data-element_type=\"widget\" data-widget_type=\"heading.default\">\n\t\t\t\t\t<h2 class=\"elementor-heading-title elementor-size-default\">No GameHub acreditamos num futuro mais verde.<\/h2>\t\t\t\t<\/div>\n\t\t\t\t<div class=\"elementor-element elementor-element-d7527fc elementor-widget elementor-widget-heading\" data-id=\"d7527fc\" data-element_type=\"widget\" data-widget_type=\"heading.default\">\n\t\t\t\t\t<h2 class=\"elementor-heading-title elementor-size-default\">Junta-te a n\u00f3s e faz parte desta miss\u00e3o!<\/h2>\t\t\t\t<\/div>\n\t\t\t\t\t<\/div>\n\t\t\t\t<\/div>\n\t\t\t\t<\/div>\n\t\t\n    <div class=\"xs_social_share_widget xs_share_url after_content \t\tmain_content  wslu-style-1 wslu-share-box-shaped wslu-fill-colored wslu-none wslu-share-horizontal wslu-theme-font-no wslu-main_content\">\n\n\t\t\n        <ul>\n\t\t\t        <\/ul>\n    <\/div> \n","protected":false},"excerpt":{"rendered":"<p>Sustentabilidade no GameHub Comprometidos com um futuro mais verde e respons\u00e1vel. 1. O nosso compromisso ambiental No GameHub acreditamos que a inova\u00e7\u00e3o tecnol\u00f3gica e a sustentabilidade devem caminhar lado a lado.Assumimos a responsabilidade de reduzir o nosso impacto ambiental, adotando pr\u00e1ticas ecol\u00f3gicas e promovendo um consumo mais consciente, tanto dentro como fora do nosso espa\u00e7o [&hellip;]<\/p>\n","protected":false},"author":1,"featured_media":0,"parent":0,"menu_order":0,"comment_status":"closed","ping_status":"closed","template":"","meta":{"postBodyCss":"","postBodyMargin":[],"postBodyPadding":[],"postBodyBackground":{"backgroundType":"classic","gradient":""},"footnotes":""},"class_list":["post-135","page","type-page","status-publish","hentry"],"_links":{"self":[{"href":"https:\/\/gamehub.dominioteste.eu\/index.php\/wp-json\/wp\/v2\/pages\/135","targetHints":{"allow":["GET"]}}],"collection":[{"href":"https:\/\/gamehub.dominioteste.eu\/index.php\/wp-json\/wp\/v2\/pages"}],"about":[{"href":"https:\/\/gamehub.dominioteste.eu\/index.php\/wp-json\/wp\/v2\/types\/page"}],"author":[{"embeddable":true,"href":"https:\/\/gamehub.dominioteste.eu\/index.php\/wp-json\/wp\/v2\/users\/1"}],"replies":[{"embeddable":true,"href":"https:\/\/gamehub.dominioteste.eu\/index.php\/wp-json\/wp\/v2\/comments?post=135"}],"version-history":[{"count":4,"href":"https:\/\/gamehub.dominioteste.eu\/index.php\/wp-json\/wp\/v2\/pages\/135\/revisions"}],"predecessor-version":[{"id":224,"href":"https:\/\/gamehub.dominioteste.eu\/index.php\/wp-json\/wp\/v2\/pages\/135\/revisions\/224"}],"wp:attachment":[{"href":"https:\/\/gamehub.dominioteste.eu\/index.php\/wp-json\/wp\/v2\/media?parent=135"}],"curies":[{"name":"wp","href":"https:\/\/api.w.org\/{rel}","templated":true}]}}